{"id":1708,"date":"2016-11-07T04:05:19","date_gmt":"2016-11-07T04:05:19","guid":{"rendered":"https:\/\/ribados.com\/que-hacemos-en-ribados-s-l\/"},"modified":"2025-11-19T09:19:19","modified_gmt":"2025-11-19T09:19:19","slug":"que-hacemos-en-ribados-s-l","status":"publish","type":"page","link":"https:\/\/ribados.com\/es\/que-hacemos-en-ribados-s-l\/","title":{"rendered":"Qu\u00e9 hacemos en Ribados S.L."},"content":{"rendered":"<p><div class=\"fusion-fullwidth fullwidth-box fusion-builder-row-1 fusion-flex-container fusion-parallax-none hundred-percent-fullwidth non-hundred-percent-height-scrolling lazyload\" style=\"--awb-border-radius-top-left:0px;--awb-border-radius-top-right:0px;--awb-border-radius-bottom-right:0px;--awb-border-radius-bottom-left:0px;--awb-padding-top:66px;--awb-padding-bottom:37px;--awb-padding-top-medium:24px;--awb-padding-bottom-small:0px;--awb-background-size:cover;--awb-flex-wrap:wrap;\" data-bg=\"https:\/\/ribados.com\/wp-content\/uploads\/2025\/11\/beautiful-haystacks-in-evening-summer-field-lands-2025-03-14-02-35-49-utc-scaled.jpg\" ><div class=\"fusion-builder-row fusion-row fusion-flex-align-items-stretch fusion-flex-justify-content-flex-end fusion-flex-content-wrap\" style=\"width:104% !important;max-width:104% !important;margin-left: calc(-4% \/ 2 );margin-right: calc(-4% \/ 2 );\"><div class=\"fusion-layout-column fusion_builder_column fusion-builder-column-0 fusion_builder_column_2_3 2_3 fusion-flex-column\" style=\"--awb-padding-top:44px;--awb-padding-right:48px;--awb-padding-bottom:23px;--awb-padding-left:46px;--awb-padding-bottom-medium:40px;--awb-overflow:hidden;--awb-bg-color:rgba(255,255,255,0.75);--awb-bg-color-hover:rgba(255,255,255,0.75);--awb-bg-blend:overlay;--awb-bg-size:cover;--awb-border-radius:8px 8px 8px 8px;--awb-width-large:66.666666666667%;--awb-margin-top-large:0px;--awb-spacing-right-large:2.88%;--awb-margin-bottom-large:0px;--awb-spacing-left-large:2.88%;--awb-width-medium:100%;--awb-spacing-right-medium:1.92%;--awb-spacing-left-medium:1.92%;--awb-width-small:100%;--awb-spacing-right-small:1.92%;--awb-spacing-left-small:1.92%;\"><div class=\"fusion-column-wrapper fusion-flex-justify-content-center fusion-content-layout-column\"><div class=\"fusion-title title fusion-title-1 fusion-sep-none fusion-title-text fusion-title-size-one\" style=\"--awb-margin-top:0px;\"><h1 class=\"fusion-title-heading title-heading-left fusion-responsive-typography-calculated\" style=\"margin:0;--fontSize:70;line-height:var(--awb-typography1-line-height);\">Qu\u00e9 hacemos en Ribados S.L.<\/h1><\/div><div class=\"fusion-title title fusion-title-2 fusion-sep-none fusion-title-text fusion-title-size-two\" style=\"--awb-text-color:var(--awb-color8);--awb-margin-top:0px;\"><h2 class=\"fusion-title-heading title-heading-left fusion-responsive-typography-calculated\" style=\"font-family:&quot;Alumni Sans&quot;;font-style:normal;font-weight:400;margin:0;--fontSize:50;line-height:var(--awb-typography1-line-height);\">Cuidamos la tierra, el ganado y nuestro entorno<\/h2><\/div><div class=\"fusion-text fusion-text-1\" style=\"--awb-margin-top:20px;\"><p data-start=\"294\" data-end=\"560\">En <strong data-start=\"296\" data-end=\"312\">Ribados S.L.<\/strong> entendemos la ganader\u00eda como un equilibrio entre la tierra, los animales y las personas que los cuidan. Somos una empresa familiar arraigada al territorio, que apuesta por una producci\u00f3n responsable y sostenible, basada en respeto, proximidad y calidad.<\/p>\n<p data-start=\"562\" data-end=\"796\">Nos ocupamos de todo el proceso productivo: desde el cultivo de cereales y forrajes hasta la cr\u00eda y engorde del ganado. Garantizamos una alimentaci\u00f3n natural y equilibrada, un entorno tranquilo para los animales y una carne saludable y trazable.<\/p>\n<p data-start=\"798\" data-end=\"1045\">Trabajar con un modelo propio y coherente nos permite combinar la tradici\u00f3n agr\u00edcola con una gesti\u00f3n moderna de los recursos, reduciendo el impacto ambiental, reutilizando residuos org\u00e1nicos como abono y manteniendo vivo el v\u00ednculo con el paisaje que nos rodea.<\/p>\n<p data-start=\"1047\" data-end=\"1168\">Cada decisi\u00f3n que tomamos tiene un mismo prop\u00f3sito: hacer las cosas bien hechas, con respeto por el medio ambiente y vocaci\u00f3n de continuidad.<\/p>\n<\/div><div class=\"fusion-separator fusion-full-width-sep\" style=\"align-self: center;margin-left: auto;margin-right: auto;margin-top:25px;width:100%;\"><\/div><\/div><\/div><\/div><\/div><div class=\"fusion-fullwidth fullwidth-box fusion-builder-row-2 fusion-flex-container nonhundred-percent-fullwidth non-hundred-percent-height-scrolling\" style=\"--awb-border-radius-top-left:0px;--awb-border-radius-top-right:0px;--awb-border-radius-bottom-right:0px;--awb-border-radius-bottom-left:0px;--awb-padding-top:45px;--awb-padding-bottom:59px;--awb-background-color:#ffffff;--awb-background-image:linear-gradient(180deg, #ffffff 0%,#ffffff 100%);--awb-flex-wrap:wrap;\" ><div class=\"fusion-builder-row fusion-row fusion-flex-align-items-flex-start fusion-flex-content-wrap\" style=\"max-width:1289.6px;margin-left: calc(-4% \/ 2 );margin-right: calc(-4% \/ 2 );\"><div class=\"fusion-layout-column fusion_builder_column fusion-builder-column-1 fusion_builder_column_1_2 1_2 fusion-flex-column\" style=\"--awb-bg-blend:overlay;--awb-bg-size:cover;--awb-width-large:50%;--awb-margin-top-large:0px;--awb-spacing-right-large:3.84%;--awb-margin-bottom-large:0px;--awb-spacing-left-large:3.84%;--awb-width-medium:100%;--awb-spacing-right-medium:1.92%;--awb-spacing-left-medium:1.92%;--awb-width-small:100%;--awb-spacing-right-small:1.92%;--awb-spacing-left-small:1.92%;\"><div class=\"fusion-column-wrapper fusion-flex-justify-content-flex-start fusion-content-layout-column\"><div class=\"fusion-title title fusion-title-3 fusion-sep-none fusion-title-text fusion-title-size-two\" style=\"--awb-text-color:var(--awb-color6);--awb-margin-top:0px;--awb-margin-bottom:0px;--awb-margin-bottom-small:0px;\"><h2 class=\"fusion-title-heading title-heading-left fusion-responsive-typography-calculated\" style=\"margin:0;--fontSize:50;line-height:var(--awb-typography1-line-height);\"><p><b><br \/>\nCompra local, come con confianza<br \/>\n<\/b><\/p><\/h2><\/div><\/div><\/div><div class=\"fusion-layout-column fusion_builder_column fusion-builder-column-2 fusion_builder_column_1_2 1_2 fusion-flex-column\" style=\"--awb-bg-blend:overlay;--awb-bg-size:cover;--awb-width-large:50%;--awb-margin-top-large:0px;--awb-spacing-right-large:3.84%;--awb-margin-bottom-large:0px;--awb-spacing-left-large:3.84%;--awb-width-medium:100%;--awb-spacing-right-medium:1.92%;--awb-spacing-left-medium:1.92%;--awb-width-small:100%;--awb-spacing-right-small:1.92%;--awb-spacing-left-small:1.92%;\"><div class=\"fusion-column-wrapper fusion-flex-justify-content-flex-start fusion-content-layout-column\"><div class=\"fusion-text fusion-text-2\" style=\"--awb-margin-top:20px;\"><p data-start=\"1241\" data-end=\"1485\">Creemos que la buena carne nace de la transparencia y la proximidad. Por eso distribuimos nuestros productos a trav\u00e9s de canales locales y colaboradores que comparten nuestros valores: respeto, sostenibilidad y compromiso con el territorio.<\/p>\n<p data-start=\"1487\" data-end=\"1688\">En <strong data-start=\"1489\" data-end=\"1505\">Ribados S.L.<\/strong> mantenemos vivo el v\u00ednculo entre agricultura y sociedad, ofreciendo una carne de kil\u00f3metro cero que refleja nuestra manera de entender el trabajo: con cuidado, constancia y amor por lo que hacemos.<\/p>\n<\/div><\/div><\/div><\/div><\/div><div class=\"fusion-fullwidth fullwidth-box fusion-builder-row-3 fusion-flex-container nonhundred-percent-fullwidth non-hundred-percent-height-scrolling\" style=\"--awb-border-radius-top-left:0px;--awb-border-radius-top-right:0px;--awb-border-radius-bottom-right:0px;--awb-border-radius-bottom-left:0px;--awb-padding-top:44px;--awb-margin-bottom:0%;--awb-background-color:var(--awb-color2);--awb-flex-wrap:wrap;\" ><div class=\"fusion-builder-row fusion-row fusion-flex-align-items-flex-start fusion-flex-content-wrap\" style=\"max-width:calc( 1240px + 0px );margin-left: calc(-0px \/ 2 );margin-right: calc(-0px \/ 2 );\"><div class=\"fusion-layout-column fusion_builder_column fusion-builder-column-3 fusion_builder_column_1_1 1_1 fusion-flex-column\" style=\"--awb-bg-blend:overlay;--awb-bg-size:cover;--awb-width-large:100%;--awb-margin-top-large:0px;--awb-spacing-right-large:0px;--awb-margin-bottom-large:0px;--awb-spacing-left-large:0px;--awb-width-medium:100%;--awb-spacing-right-medium:0px;--awb-spacing-left-medium:0px;--awb-width-small:100%;--awb-spacing-right-small:0px;--awb-spacing-left-small:0px;\"><div class=\"fusion-column-wrapper fusion-flex-justify-content-flex-start fusion-content-layout-column\"><div class=\"fusion-content-boxes content-boxes columns row fusion-columns-4 fusion-columns-total-4 fusion-content-boxes-1 content-boxes-icon-on-top content-left fusion-delayed-animation\" style=\"--awb-title-color:var(--awb-color8);--awb-iconcolor:var(--awb-color5);--awb-hover-accent-color:var(--awb-color5);--awb-circle-hover-accent-color:transparent;\" data-animation-delay=\"300\" data-animationOffset=\"top-into-view\"><div style=\"--awb-backgroundcolor:rgba(255,255,255,0);--awb-iconcolor:var(--awb-color5);\" class=\"fusion-column content-box-column content-box-column content-box-column-1 col-lg-3 col-md-3 col-sm-3 fusion-content-box-hover content-box-column-first-in-row\"><div class=\"col content-box-wrapper content-wrapper link-area-box icon-hover-animation-slide fusion-animated\" data-animationType=\"fadeInUp\" data-animationDuration=\"0.3\" data-animationOffset=\"top-into-view\"><div class=\"heading icon-left\"><h3 class=\"content-box-heading fusion-responsive-typography-calculated\" style=\"--h3_typography-font-size:30px;--fontSize:30;line-height:var(--awb-typography1-line-height);\">\ud83d\udc04 Cr\u00eda responsable del ganado<\/h3><\/div><div class=\"fusion-clearfix\"><\/div><div class=\"content-container\">\n<p>Acompa\u00f1amos a los animales durante todo su crecimiento, ofreci\u00e9ndoles alimentaci\u00f3n natural y espacio suficiente para crecer con tranquilidad. El respeto y el bienestar son la base de una carne de calidad.<\/p>\n<\/div><\/div><\/div><div style=\"--awb-backgroundcolor:rgba(255,255,255,0);--awb-iconcolor:var(--awb-color5);\" class=\"fusion-column content-box-column content-box-column content-box-column-2 col-lg-3 col-md-3 col-sm-3 fusion-content-box-hover \"><div class=\"col content-box-wrapper content-wrapper link-area-box icon-hover-animation-slide fusion-animated\" data-animationType=\"fadeInUp\" data-animationDuration=\"0.3\" data-animationOffset=\"top-into-view\"><div class=\"heading icon-left\"><h3 class=\"content-box-heading fusion-responsive-typography-calculated\" style=\"--h3_typography-font-size:30px;--fontSize:30;line-height:var(--awb-typography1-line-height);\">\ud83c\udf3e Cultivos propios y alimentaci\u00f3n equilibrada<\/h3><\/div><div class=\"fusion-clearfix\"><\/div><div class=\"content-container\">\n<p>Cultivamos nuestros campos con cereales y forrajes destinados al ganado, asegurando una alimentaci\u00f3n adaptada a cada etapa y el control total del proceso.<\/p>\n<\/div><\/div><\/div><div style=\"--awb-backgroundcolor:rgba(255,255,255,0);--awb-iconcolor:var(--awb-color5);\" class=\"fusion-column content-box-column content-box-column content-box-column-3 col-lg-3 col-md-3 col-sm-3 fusion-content-box-hover \"><div class=\"col content-box-wrapper content-wrapper link-area-box icon-hover-animation-slide fusion-animated\" data-animationType=\"fadeInUp\" data-animationDuration=\"0.3\" data-animationOffset=\"top-into-view\"><div class=\"heading icon-left\"><h3 class=\"content-box-heading fusion-responsive-typography-calculated\" style=\"--h3_typography-font-size:30px;--fontSize:30;line-height:var(--awb-typography1-line-height);\">\ud83c\udf31 Compromiso con el territorio<\/h3><\/div><div class=\"fusion-clearfix\"><\/div><div class=\"content-container\">\n<p>Formamos parte del paisaje y lo cuidamos. Preservamos el suelo, el agua y la biodiversidad, manteniendo el equilibrio entre producci\u00f3n y naturaleza.<\/p>\n<\/div><\/div><\/div><div style=\"--awb-backgroundcolor:rgba(255,255,255,0);--awb-iconcolor:var(--awb-color5);\" class=\"fusion-column content-box-column content-box-column content-box-column-4 col-lg-3 col-md-3 col-sm-3 fusion-content-box-hover content-box-column-last content-box-column-last-in-row\"><div class=\"col content-box-wrapper content-wrapper link-area-box icon-hover-animation-slide fusion-animated\" data-animationType=\"fadeInUp\" data-animationDuration=\"0.3\" data-animationOffset=\"top-into-view\"><div class=\"heading icon-left\"><h3 class=\"content-box-heading fusion-responsive-typography-calculated\" style=\"--h3_typography-font-size:30px;--fontSize:30;line-height:var(--awb-typography1-line-height);\">\ud83e\udd69 Producto de proximidad<\/h3><\/div><div class=\"fusion-clearfix\"><\/div><div class=\"content-container\">\n<p>Distribuimos nuestra carne a trav\u00e9s de colaboradores y establecimientos locales que comparten nuestra manera de entender el producto: calidad, transparencia y confianza.<\/p>\n<\/div><\/div><\/div><div class=\"fusion-clearfix\"><\/div><\/div><\/div><\/div><\/div><\/div><div class=\"fusion-fullwidth fullwidth-box fusion-builder-row-4 fusion-flex-container fusion-parallax-none nonhundred-percent-fullwidth non-hundred-percent-height-scrolling lazyload\" style=\"--link_color: var(--awb-color6);--awb-border-radius-top-left:0px;--awb-border-radius-top-right:0px;--awb-border-radius-bottom-right:0px;--awb-border-radius-bottom-left:0px;--awb-padding-top:137px;--awb-padding-bottom:83px;--awb-padding-bottom-medium:110px;--awb-background-image:linear-gradient(180deg, rgba(161,164,170,0.63) 0%,var(--awb-color8) 90%);;--awb-background-size:cover;--awb-flex-wrap:wrap;\" data-bg=\"https:\/\/ribados.com\/wp-content\/uploads\/2025\/11\/31.jpg\" data-bg-gradient=\"linear-gradient(180deg, rgba(161,164,170,0.63) 0%,var(--awb-color8) 90%)\" ><div class=\"fusion-builder-row fusion-row fusion-flex-align-items-flex-start fusion-flex-content-wrap\" style=\"max-width:calc( 1240px + 0px );margin-left: calc(-0px \/ 2 );margin-right: calc(-0px \/ 2 );\"><div class=\"fusion-layout-column fusion_builder_column fusion-builder-column-4 fusion_builder_column_1_1 1_1 fusion-flex-column\" style=\"--awb-padding-right:13%;--awb-padding-left:13%;--awb-bg-blend:overlay;--awb-bg-size:cover;--awb-width-large:100%;--awb-margin-top-large:0px;--awb-spacing-right-large:0px;--awb-margin-bottom-large:40px;--awb-spacing-left-large:0px;--awb-width-medium:100%;--awb-spacing-right-medium:0px;--awb-spacing-left-medium:0px;--awb-width-small:100%;--awb-spacing-right-small:0px;--awb-spacing-left-small:0px;\"><div class=\"fusion-column-wrapper fusion-flex-justify-content-flex-start fusion-content-layout-column\"><div class=\"fusion-title title fusion-title-4 fusion-sep-none fusion-title-center fusion-title-text fusion-title-size-two\" style=\"--awb-text-color:var(--awb-color1);--awb-margin-top:0px;--awb-font-size:47px;\"><h2 class=\"fusion-title-heading title-heading-center fusion-responsive-typography-calculated\" style=\"margin:0;font-size:1em;--fontSize:47;line-height:var(--awb-typography1-line-height);\"><p><b><br \/>\n\u00bfQuiere saber m\u00e1s sobre Ribados?<br \/>\n<\/b><\/p><\/h2><\/div><div class=\"fusion-separator fusion-full-width-sep\" style=\"align-self: center;margin-left: auto;margin-right: auto;margin-top:18px;width:100%;\"><\/div><div class=\"fusion-text fusion-text-3\"><p style=\"text-align: center; color: var(--awb-color1);\">Ponemos toda nuestra experiencia y pasi\u00f3n a su disposici\u00f3n. Contacte con nosotros y le explicaremos c\u00f3mo llegamos del campo al plato con calidad y respeto.<\/p>\n<\/div><div style=\"text-align:center;\"><a class=\"fusion-button button-flat button-xlarge button-custom fusion-button-default button-1 fusion-button-default-span fusion-button-default-type\" style=\"--button_accent_color:var(--awb-color7);--button_border_color:var(--awb-color7);--button_accent_hover_color:var(--awb-color1);--button_border_hover_color:var(--awb-color1);--button_gradient_top_color:var(--awb-color1);--button_gradient_bottom_color:var(--awb-color1);--button_gradient_top_color_hover:var(--awb-color8);--button_gradient_bottom_color_hover:var(--awb-color8);--button_margin-top:16px;\" target=\"_self\" href=\"https:\/\/ribados.com\/es\/contacte\/\"><span class=\"fusion-button-text awb-button__text awb-button__text--default\">Cont\u00e1ctenos<\/span><\/a><\/div><\/div><\/div><\/div><\/div><\/p>\n","protected":false},"excerpt":{"rendered":"","protected":false},"author":1,"featured_media":0,"parent":0,"menu_order":0,"comment_status":"closed","ping_status":"closed","template":"100-width.php","meta":{"footnotes":""},"class_list":["post-1708","page","type-page","status-publish","hentry"],"yoast_head":"<!-- This site is optimized with the Yoast SEO plugin v26.4 - https:\/\/yoast.com\/wordpress\/plugins\/seo\/ -->\n<title>Producci\u00f3n responsable y sostenible - Ribados S.L<\/title>\n<meta name=\"description\" content=\"En Ribados S.L. apostamos por una producci\u00f3n responsable y sostenible, basada en respeto, proximidad y calidad.\" \/>\n<meta name=\"robots\" content=\"index, follow, max-snippet:-1, max-image-preview:large, max-video-preview:-1\" \/>\n<link rel=\"canonical\" href=\"https:\/\/ribados.com\/es\/que-hacemos-en-ribados-s-l\/\" \/>\n<meta property=\"og:locale\" content=\"es_ES\" \/>\n<meta property=\"og:type\" content=\"article\" \/>\n<meta property=\"og:title\" content=\"Producci\u00f3n responsable y sostenible - Ribados S.L\" \/>\n<meta property=\"og:description\" content=\"En Ribados S.L. apostamos por una producci\u00f3n responsable y sostenible, basada en respeto, proximidad y calidad.\" \/>\n<meta property=\"og:url\" content=\"https:\/\/ribados.com\/es\/que-hacemos-en-ribados-s-l\/\" \/>\n<meta property=\"og:site_name\" content=\"Ribados S.L\" \/>\n<meta property=\"article:modified_time\" content=\"2025-11-19T09:19:19+00:00\" \/>\n<meta name=\"twitter:card\" content=\"summary_large_image\" \/>\n<meta name=\"twitter:label1\" content=\"Tiempo de lectura\" \/>\n\t<meta name=\"twitter:data1\" content=\"3 minutos\" \/>\n<script type=\"application\/ld+json\" class=\"yoast-schema-graph\">{\"@context\":\"https:\/\/schema.org\",\"@graph\":[{\"@type\":\"WebPage\",\"@id\":\"https:\/\/ribados.com\/es\/que-hacemos-en-ribados-s-l\/\",\"url\":\"https:\/\/ribados.com\/es\/que-hacemos-en-ribados-s-l\/\",\"name\":\"Producci\u00f3n responsable y sostenible - Ribados S.L\",\"isPartOf\":{\"@id\":\"https:\/\/ribados.com\/#website\"},\"datePublished\":\"2016-11-07T04:05:19+00:00\",\"dateModified\":\"2025-11-19T09:19:19+00:00\",\"description\":\"En Ribados S.L. apostamos por una producci\u00f3n responsable y sostenible, basada en respeto, proximidad y calidad.\",\"breadcrumb\":{\"@id\":\"https:\/\/ribados.com\/es\/que-hacemos-en-ribados-s-l\/#breadcrumb\"},\"inLanguage\":\"es\",\"potentialAction\":[{\"@type\":\"ReadAction\",\"target\":[\"https:\/\/ribados.com\/es\/que-hacemos-en-ribados-s-l\/\"]}]},{\"@type\":\"BreadcrumbList\",\"@id\":\"https:\/\/ribados.com\/es\/que-hacemos-en-ribados-s-l\/#breadcrumb\",\"itemListElement\":[{\"@type\":\"ListItem\",\"position\":1,\"name\":\"Inici\",\"item\":\"https:\/\/ribados.com\/es\/\"},{\"@type\":\"ListItem\",\"position\":2,\"name\":\"Qu\u00e9 hacemos en Ribados S.L.\"}]},{\"@type\":\"WebSite\",\"@id\":\"https:\/\/ribados.com\/#website\",\"url\":\"https:\/\/ribados.com\/\",\"name\":\"Ribados S.L\",\"description\":\"Ramaderia conscient, producte excel\u00b7lent.\",\"potentialAction\":[{\"@type\":\"SearchAction\",\"target\":{\"@type\":\"EntryPoint\",\"urlTemplate\":\"https:\/\/ribados.com\/?s={search_term_string}\"},\"query-input\":{\"@type\":\"PropertyValueSpecification\",\"valueRequired\":true,\"valueName\":\"search_term_string\"}}],\"inLanguage\":\"es\"}]}<\/script>\n<!-- \/ Yoast SEO plugin. -->","yoast_head_json":{"title":"Producci\u00f3n responsable y sostenible - Ribados S.L","description":"En Ribados S.L. apostamos por una producci\u00f3n responsable y sostenible, basada en respeto, proximidad y calidad.","robots":{"index":"index","follow":"follow","max-snippet":"max-snippet:-1","max-image-preview":"max-image-preview:large","max-video-preview":"max-video-preview:-1"},"canonical":"https:\/\/ribados.com\/es\/que-hacemos-en-ribados-s-l\/","og_locale":"es_ES","og_type":"article","og_title":"Producci\u00f3n responsable y sostenible - Ribados S.L","og_description":"En Ribados S.L. apostamos por una producci\u00f3n responsable y sostenible, basada en respeto, proximidad y calidad.","og_url":"https:\/\/ribados.com\/es\/que-hacemos-en-ribados-s-l\/","og_site_name":"Ribados S.L","article_modified_time":"2025-11-19T09:19:19+00:00","twitter_card":"summary_large_image","twitter_misc":{"Tiempo de lectura":"3 minutos"},"schema":{"@context":"https:\/\/schema.org","@graph":[{"@type":"WebPage","@id":"https:\/\/ribados.com\/es\/que-hacemos-en-ribados-s-l\/","url":"https:\/\/ribados.com\/es\/que-hacemos-en-ribados-s-l\/","name":"Producci\u00f3n responsable y sostenible - Ribados S.L","isPartOf":{"@id":"https:\/\/ribados.com\/#website"},"datePublished":"2016-11-07T04:05:19+00:00","dateModified":"2025-11-19T09:19:19+00:00","description":"En Ribados S.L. apostamos por una producci\u00f3n responsable y sostenible, basada en respeto, proximidad y calidad.","breadcrumb":{"@id":"https:\/\/ribados.com\/es\/que-hacemos-en-ribados-s-l\/#breadcrumb"},"inLanguage":"es","potentialAction":[{"@type":"ReadAction","target":["https:\/\/ribados.com\/es\/que-hacemos-en-ribados-s-l\/"]}]},{"@type":"BreadcrumbList","@id":"https:\/\/ribados.com\/es\/que-hacemos-en-ribados-s-l\/#breadcrumb","itemListElement":[{"@type":"ListItem","position":1,"name":"Inici","item":"https:\/\/ribados.com\/es\/"},{"@type":"ListItem","position":2,"name":"Qu\u00e9 hacemos en Ribados S.L."}]},{"@type":"WebSite","@id":"https:\/\/ribados.com\/#website","url":"https:\/\/ribados.com\/","name":"Ribados S.L","description":"Ramaderia conscient, producte excel\u00b7lent.","potentialAction":[{"@type":"SearchAction","target":{"@type":"EntryPoint","urlTemplate":"https:\/\/ribados.com\/?s={search_term_string}"},"query-input":{"@type":"PropertyValueSpecification","valueRequired":true,"valueName":"search_term_string"}}],"inLanguage":"es"}]}},"_links":{"self":[{"href":"https:\/\/ribados.com\/es\/wp-json\/wp\/v2\/pages\/1708","targetHints":{"allow":["GET"]}}],"collection":[{"href":"https:\/\/ribados.com\/es\/wp-json\/wp\/v2\/pages"}],"about":[{"href":"https:\/\/ribados.com\/es\/wp-json\/wp\/v2\/types\/page"}],"author":[{"embeddable":true,"href":"https:\/\/ribados.com\/es\/wp-json\/wp\/v2\/users\/1"}],"replies":[{"embeddable":true,"href":"https:\/\/ribados.com\/es\/wp-json\/wp\/v2\/comments?post=1708"}],"version-history":[{"count":2,"href":"https:\/\/ribados.com\/es\/wp-json\/wp\/v2\/pages\/1708\/revisions"}],"predecessor-version":[{"id":1729,"href":"https:\/\/ribados.com\/es\/wp-json\/wp\/v2\/pages\/1708\/revisions\/1729"}],"wp:attachment":[{"href":"https:\/\/ribados.com\/es\/wp-json\/wp\/v2\/media?parent=1708"}],"curies":[{"name":"wp","href":"https:\/\/api.w.org\/{rel}","templated":true}]}}